{"id":573,"date":"2020-05-08T18:22:25","date_gmt":"2020-05-08T18:22:25","guid":{"rendered":"http:\/\/buildingflourishingminds.com\/wp\/?page_id=573"},"modified":"2022-06-16T17:50:15","modified_gmt":"2022-06-16T17:50:15","slug":"ninos","status":"publish","type":"page","link":"https:\/\/buildingflourishingminds.com\/en\/ninos\/","title":{"rendered":"CHILDREN"},"content":{"rendered":"<div data-elementor-type=\"wp-page\" data-elementor-id=\"573\" class=\"elementor elementor-573\">\n\t\t\t\t\t\t<section class=\"elementor-section elementor-top-section elementor-element elementor-element-7e37614 elementor-section-boxed elementor-section-height-default elementor-section-height-default\" data-id=\"7e37614\" data-element_type=\"section\" data-settings=\"{&quot;background_background&quot;:&quot;classic&quot;}\">\n\t\t\t\t\t\t\t<div class=\"elementor-background-overlay\"><\/div>\n\t\t\t\t\t\t\t<div class=\"elementor-container elementor-column-gap-default\">\n\t\t\t\t\t<div class=\"elementor-column elementor-col-100 elementor-top-column elementor-element elementor-element-1b3ea4d\" data-id=\"1b3ea4d\" data-element_type=\"column\">\n\t\t\t<div class=\"elementor-widget-wrap elementor-element-populated\">\n\t\t\t\t\t\t<div class=\"elementor-element elementor-element-ea6dfa0 elementor-widget-mobile__width-initial elementor-widget elementor-widget-heading\" data-id=\"ea6dfa0\" data-element_type=\"widget\" data-widget_type=\"heading.default\">\n\t\t\t\t<div class=\"elementor-widget-container\">\n\t\t\t<h1 class=\"elementor-heading-title elementor-size-default\">CHILDREN<\/h1>\t\t<\/div>\n\t\t\t\t<\/div>\n\t\t\t\t\t<\/div>\n\t\t<\/div>\n\t\t\t\t\t<\/div>\n\t\t<\/section>\n\t\t\t\t<section class=\"elementor-section elementor-top-section elementor-element elementor-element-77b6997 elementor-section-boxed elementor-section-height-default elementor-section-height-default\" data-id=\"77b6997\" data-element_type=\"section\">\n\t\t\t\t\t\t<div class=\"elementor-container elementor-column-gap-default\">\n\t\t\t\t\t<div class=\"elementor-column elementor-col-100 elementor-top-column elementor-element elementor-element-3194a81\" data-id=\"3194a81\" data-element_type=\"column\">\n\t\t\t<div class=\"elementor-widget-wrap elementor-element-populated\">\n\t\t\t\t\t\t<div class=\"elementor-element elementor-element-d5adb88 elementor-widget elementor-widget-text-editor\" data-id=\"d5adb88\" data-element_type=\"widget\" data-widget_type=\"text-editor.default\">\n\t\t\t\t<div class=\"elementor-widget-container\">\n\t\t\t\t\t\t\t<p>Psychotherapy through play, art or language, neuro-rehabilitation and other techniques to address difficulties such as:&nbsp;<\/p>\t\t\t\t\t\t<\/div>\n\t\t\t\t<\/div>\n\t\t\t\t<div class=\"elementor-element elementor-element-d1f4de9 elementor-widget elementor-widget-text-editor\" data-id=\"d1f4de9\" data-element_type=\"widget\" data-widget_type=\"text-editor.default\">\n\t\t\t\t<div class=\"elementor-widget-container\">\n\t\t\t\t\t\t\t<ul>\n<li>Depression<\/li>\n<li>Grief and Loss<\/li>\n<li>Psychosomatic Symptoms<\/li>\n<li>Anxiety \/ Fear<\/li>\n<li>School Problems<\/li>\n<li>Bullying and\/or being Bullied<\/li>\n<li>Coping with Divorce<\/li>\n<li>Sexual Abuse\/ Trauma<\/li>\n<li>Impulsive Behaviors<\/li>\n<li>Anger<\/li>\n<li>Tantrums<\/li>\n<li>Violence Prevention<\/li>\n<li>Learning Disabilities<\/li>\n<li>Attention Deficit Hyperactivity Disorder (ADHD)<\/li><li style=\"font-size: 22px;\">Autism Spectrum Disorder (ASD)<\/li>\n<li>Neuro-Rehabilitation<\/li>\n<\/ul>\t\t\t\t\t\t<\/div>\n\t\t\t\t<\/div>\n\t\t\t\t<div class=\"elementor-element elementor-element-eb5d668 elementor-widget elementor-widget-text-editor\" data-id=\"eb5d668\" data-element_type=\"widget\" data-widget_type=\"text-editor.default\">\n\t\t\t\t<div class=\"elementor-widget-container\">\n\t\t\t\t\t\t\t<p>When appropriate, we work with parents, teachers, and other health care providers to help create a comprehensive approach for the benefit of the child.<\/p>\t\t\t\t\t\t<\/div>\n\t\t\t\t<\/div>\n\t\t\t\t\t<\/div>\n\t\t<\/div>\n\t\t\t\t\t<\/div>\n\t\t<\/section>\n\t\t\t\t<\/div>","protected":false},"excerpt":{"rendered":"<p>Ni\u00f1os Psicoterapia por medio del juego, del arte o del lenguaje, neuro rehabilitaci\u00f3n y otras t\u00e9cnicas de abordaje para el tratamiento de dificultades como:&nbsp; Depresi\u00f3n Duelos y P\u00e9rdidas S\u00edntomas Psicosom\u00e1ticos Ansiedad \/ Miedo Problemas Escolares Bullying y\/o ser V\u00edctima de Bullying Divorcio de los Padres Trauma\/Abuso Sexual Conductas Impulsivas Agresividad Berrinches Prevenci\u00f3n de la Violencia [&hellip;]<\/p>","protected":false},"author":1,"featured_media":0,"parent":0,"menu_order":0,"comment_status":"closed","ping_status":"closed","template":"","meta":{"site-sidebar-layout":"no-sidebar","site-content-layout":"page-builder","ast-site-content-layout":"","site-content-style":"default","site-sidebar-style":"default","ast-global-header-display":"","ast-banner-title-visibility":"","ast-main-header-display":"","ast-hfb-above-header-display":"","ast-hfb-below-header-display":"","ast-hfb-mobile-header-display":"","site-post-title":"disabled","ast-breadcrumbs-content":"","ast-featured-img":"disabled","footer-sml-layout":"","theme-transparent-header-meta":"default","adv-header-id-meta":"","stick-header-meta":"","header-above-stick-meta":"","header-main-stick-meta":"","header-below-stick-meta":"","astra-migrate-meta-layouts":"default","ast-page-background-enabled":"default","ast-page-background-meta":{"desktop":{"background-color":"","background-image":"","background-repeat":"repeat","background-position":"center center","background-size":"auto","background-attachment":"scroll","background-type":"","background-media":"","overlay-type":"","overlay-color":"","overlay-opacity":"","overlay-gradient":""},"tablet":{"background-color":"","background-image":"","background-repeat":"repeat","background-position":"center center","background-size":"auto","background-attachment":"scroll","background-type":"","background-media":"","overlay-type":"","overlay-color":"","overlay-opacity":"","overlay-gradient":""},"mobile":{"background-color":"","background-image":"","background-repeat":"repeat","background-position":"center center","background-size":"auto","background-attachment":"scroll","background-type":"","background-media":"","overlay-type":"","overlay-color":"","overlay-opacity":"","overlay-gradient":""}},"ast-content-background-meta":{"desktop":{"background-color":"var(--ast-global-color-5)","background-image":"","background-repeat":"repeat","background-position":"center center","background-size":"auto","background-attachment":"scroll","background-type":"","background-media":"","overlay-type":"","overlay-color":"","overlay-opacity":"","overlay-gradient":""},"tablet":{"background-color":"var(--ast-global-color-5)","background-image":"","background-repeat":"repeat","background-position":"center center","background-size":"auto","background-attachment":"scroll","background-type":"","background-media":"","overlay-type":"","overlay-color":"","overlay-opacity":"","overlay-gradient":""},"mobile":{"background-color":"var(--ast-global-color-5)","background-image":"","background-repeat":"repeat","background-position":"center center","background-size":"auto","background-attachment":"scroll","background-type":"","background-media":"","overlay-type":"","overlay-color":"","overlay-opacity":"","overlay-gradient":""}},"footnotes":""},"class_list":["post-573","page","type-page","status-publish","hentry"],"_links":{"self":[{"href":"https:\/\/buildingflourishingminds.com\/en\/wp-json\/wp\/v2\/pages\/573"}],"collection":[{"href":"https:\/\/buildingflourishingminds.com\/en\/wp-json\/wp\/v2\/pages"}],"about":[{"href":"https:\/\/buildingflourishingminds.com\/en\/wp-json\/wp\/v2\/types\/page"}],"author":[{"embeddable":true,"href":"https:\/\/buildingflourishingminds.com\/en\/wp-json\/wp\/v2\/users\/1"}],"replies":[{"embeddable":true,"href":"https:\/\/buildingflourishingminds.com\/en\/wp-json\/wp\/v2\/comments?post=573"}],"version-history":[{"count":57,"href":"https:\/\/buildingflourishingminds.com\/en\/wp-json\/wp\/v2\/pages\/573\/revisions"}],"predecessor-version":[{"id":1550,"href":"https:\/\/buildingflourishingminds.com\/en\/wp-json\/wp\/v2\/pages\/573\/revisions\/1550"}],"wp:attachment":[{"href":"https:\/\/buildingflourishingminds.com\/en\/wp-json\/wp\/v2\/media?parent=573"}],"curies":[{"name":"wp","href":"https:\/\/api.w.org\/{rel}","templated":true}]}}