{"id":498,"date":"2020-05-04T15:36:12","date_gmt":"2020-05-04T15:36:12","guid":{"rendered":"http:\/\/buildingflourishingminds.com\/wp\/?page_id=498"},"modified":"2023-07-22T05:06:51","modified_gmt":"2023-07-22T05:06:51","slug":"publicaciones","status":"publish","type":"page","link":"https:\/\/buildingflourishingminds.com\/en\/publicaciones\/","title":{"rendered":"Publications"},"content":{"rendered":"<div data-elementor-type=\"wp-page\" data-elementor-id=\"498\" class=\"elementor elementor-498\">\n\t\t\t\t\t\t<section class=\"elementor-section elementor-top-section elementor-element elementor-element-8a40b0b elementor-section-boxed elementor-section-height-default elementor-section-height-default\" data-id=\"8a40b0b\" data-element_type=\"section\" data-settings=\"{&quot;background_background&quot;:&quot;classic&quot;}\">\n\t\t\t\t\t\t\t<div class=\"elementor-background-overlay\"><\/div>\n\t\t\t\t\t\t\t<div class=\"elementor-container elementor-column-gap-default\">\n\t\t\t\t\t<div class=\"elementor-column elementor-col-100 elementor-top-column elementor-element elementor-element-0a2d53d\" data-id=\"0a2d53d\" data-element_type=\"column\">\n\t\t\t<div class=\"elementor-widget-wrap elementor-element-populated\">\n\t\t\t\t\t\t<div class=\"elementor-element elementor-element-fd575ce elementor-widget-mobile__width-initial elementor-widget elementor-widget-heading\" data-id=\"fd575ce\" data-element_type=\"widget\" data-widget_type=\"heading.default\">\n\t\t\t\t<div class=\"elementor-widget-container\">\n\t\t\t<h2 class=\"elementor-heading-title elementor-size-xxl\">Publications<\/h2>\t\t<\/div>\n\t\t\t\t<\/div>\n\t\t\t\t\t<\/div>\n\t\t<\/div>\n\t\t\t\t\t<\/div>\n\t\t<\/section>\n\t\t\t\t<section class=\"elementor-section elementor-top-section elementor-element elementor-element-6557e1c elementor-section-boxed elementor-section-height-default elementor-section-height-default\" data-id=\"6557e1c\" data-element_type=\"section\">\n\t\t\t\t\t\t<div class=\"elementor-container elementor-column-gap-default\">\n\t\t\t\t\t<div class=\"elementor-column elementor-col-100 elementor-top-column elementor-element elementor-element-d5876de\" data-id=\"d5876de\" data-element_type=\"column\">\n\t\t\t<div class=\"elementor-widget-wrap elementor-element-populated\">\n\t\t\t\t\t\t<div class=\"elementor-element elementor-element-adb44ec elementor-widget elementor-widget-spacer\" data-id=\"adb44ec\" data-element_type=\"widget\" data-widget_type=\"spacer.default\">\n\t\t\t\t<div class=\"elementor-widget-container\">\n\t\t\t\t\t<div class=\"elementor-spacer\">\n\t\t\t<div class=\"elementor-spacer-inner\"><\/div>\n\t\t<\/div>\n\t\t\t\t<\/div>\n\t\t\t\t<\/div>\n\t\t\t\t<div class=\"elementor-element elementor-element-6ea4396 elementor-widget elementor-widget-spacer\" data-id=\"6ea4396\" data-element_type=\"widget\" data-widget_type=\"spacer.default\">\n\t\t\t\t<div class=\"elementor-widget-container\">\n\t\t\t\t\t<div class=\"elementor-spacer\">\n\t\t\t<div class=\"elementor-spacer-inner\"><\/div>\n\t\t<\/div>\n\t\t\t\t<\/div>\n\t\t\t\t<\/div>\n\t\t\t\t<div class=\"elementor-element elementor-element-0fbc3d7 elementor-widget elementor-widget-heading\" data-id=\"0fbc3d7\" data-element_type=\"widget\" data-widget_type=\"heading.default\">\n\t\t\t\t<div class=\"elementor-widget-container\">\n\t\t\t<h2 class=\"elementor-heading-title elementor-size-xl\">ORIGINAL ARTICLES<\/h2>\t\t<\/div>\n\t\t\t\t<\/div>\n\t\t\t\t\t<\/div>\n\t\t<\/div>\n\t\t\t\t\t<\/div>\n\t\t<\/section>\n\t\t\t\t<section class=\"elementor-section elementor-top-section elementor-element elementor-element-4af77e5 elementor-section-boxed elementor-section-height-default elementor-section-height-default\" data-id=\"4af77e5\" data-element_type=\"section\">\n\t\t\t\t\t\t<div class=\"elementor-container elementor-column-gap-default\">\n\t\t\t\t\t<div class=\"elementor-column elementor-col-100 elementor-top-column elementor-element elementor-element-e64d358\" data-id=\"e64d358\" data-element_type=\"column\">\n\t\t\t<div class=\"elementor-widget-wrap elementor-element-populated\">\n\t\t\t\t\t\t<div class=\"elementor-element elementor-element-eb9efc8 elementor-widget elementor-widget-text-editor\" data-id=\"eb9efc8\" data-element_type=\"widget\" data-widget_type=\"text-editor.default\">\n\t\t\t\t<div class=\"elementor-widget-container\">\n\t\t\t\t\t\t\t<div>\u00a0<\/div><ul><li>Rizo Martinez L, \u271d <span style=\"font-weight: 400;\">&amp;<\/span> <strong>Sandov<\/strong><strong>al, IK<\/strong>. History of maternal care and Stockholm Syndrome. In preparation.<\/li><\/ul><ul><li><strong>Sandoval, IK<\/strong>, Guevara, MA, &amp; Hern\u00e1ndez-Gonz\u00e1lez, M. Resting EEG alpha-band synchronization in mothers with low and high maternal care. In preparation.<\/li><\/ul><ul><li>Martin, R,\u00a0<strong>Sandoval, IK,<\/strong>Mayes, LC, Potenza, MN, Krishnan-Sarin, S, &amp; Rutherford, HJV. Nicotine addiction and tobacco use: Potential effects on caregiving. Submitted to Parenting.<\/li><\/ul><ul><li><b>Sandoval, IK<\/b><span style=\"font-weight: 400;\">, Ngoh, G, Wu, J, Crowley, MJ &amp; Rutherford, HJV (2023). EEG coherence before and after giving birth.\u00a0<\/span><i><span style=\"font-weight: 400;\">Brain Research Journal<\/span><\/i><span style=\"font-weight: 400;\">, 1816.<\/span> <span style=\"font-weight: 400;\">https:\/\/doi.org\/10.1016\/j.brainres.2023.148468.<\/span><\/li><\/ul><ul><li>Baker, EN, McFaul, C, Wu, J, <strong>Sandoval, IK<\/strong>, Crowley, MJ, Rutherford, HJV &amp; Stover, CS. (2022). Frontal EEG Asymmetry in Fathers who use Intimate Partner Violence. <em>Journal of Family Violence, <\/em>1-12.<\/li><\/ul><ul><li><strong>Sandoval, IK.<\/strong>(2022).\u00a0Parentalidad, Apego y Desarrollo Infantil.\u00a0<em>Punto Cunorte<\/em>, 14, pp. 49-69.<\/li><\/ul><ul><li><strong>Sandoval, IK.<\/strong>(2021). La Paz Mundial: El Fracaso \u00c9pico, Consecuencia de Problemas Como la Pobreza y Violencia. Heraldo de M\u00e9xico. Mundo.17\/09\/2021<\/li><\/ul><ul><li>P\u00e9rez-Hern\u00e1ndez, M, Hern\u00e1ndez-Gonz\u00e1lez, M, Hidalgo-Aguirre, RM, Amezcua-Guti\u00e9rrez,\u00a0<strong>Sandoval, IK<\/strong>, &amp; Guevara MA.\u00a0(2021). Increasing parity decrease the negative effect of baby-cry on the performance of a working memory task: a functional-coupling study. Social Neuroscience,16(3):\u00a0277-288.<\/li><\/ul><ul><li><strong>Sandoval, IK.<\/strong>(2020). Covid-19 podr\u00eda afectar m\u00e1s a personas con estr\u00e9s cr\u00f3nico y problemas de salud mental. <em>Heraldo de M\u00e9xico<\/em>. Nacional. 25\/12\/2020<\/li><\/ul><ul><li><strong>Sandoval, IK,<\/strong>Hern\u00e1ndez-Gonz\u00e1lez, M, Guevara,\u00a0 MA, &amp; Hidalgo, RM.\u00a0(2020). Baby crying induces different cortical activation in mothers with secure and insecure attachment.\u00a0\u00a0Parenting, 1-9.<\/li><\/ul><ul><li>Guevara, MA, Cruz-Paniagua EI, Hern\u00e1ndez-Gonz\u00e1lez, M,\u00a0<strong>Sandoval, IK<\/strong>, Almanza Sep\u00falveda, ML, Hevia, J, &amp; Amezcua, C. (2018). EEG Activity during the spatial span task in young men: Differences between short term and working memory.\u00a0 Brain Research Journal, 1683, pp. 86 \u2013 94.<\/li><\/ul><ul><li>Guevara, MA, Sanz-Martin. A, Hern\u00e1ndez-Gonz\u00e1lez, M,\u00a0<strong>Sandoval, IK<\/strong>. (2014). CubMemPC: Prueba computarizada para evaluar la memoria a corto plazo visoespacial con y sin distractores.\u00a0<em>Revista<\/em><em>Mexicana de Ingenier\u00eda Biom\u00e9dica, 35 (2), pp.\u00a0<\/em>171-182<\/li><\/ul>\t\t\t\t\t\t<\/div>\n\t\t\t\t<\/div>\n\t\t\t\t<div class=\"elementor-element elementor-element-47772e5 elementor-widget elementor-widget-spacer\" data-id=\"47772e5\" data-element_type=\"widget\" data-widget_type=\"spacer.default\">\n\t\t\t\t<div class=\"elementor-widget-container\">\n\t\t\t\t\t<div class=\"elementor-spacer\">\n\t\t\t<div class=\"elementor-spacer-inner\"><\/div>\n\t\t<\/div>\n\t\t\t\t<\/div>\n\t\t\t\t<\/div>\n\t\t\t\t\t<\/div>\n\t\t<\/div>\n\t\t\t\t\t<\/div>\n\t\t<\/section>\n\t\t\t\t<section class=\"elementor-section elementor-top-section elementor-element elementor-element-db5967a elementor-section-boxed elementor-section-height-default elementor-section-height-default\" data-id=\"db5967a\" data-element_type=\"section\">\n\t\t\t\t\t\t<div class=\"elementor-container elementor-column-gap-default\">\n\t\t\t\t\t<div class=\"elementor-column elementor-col-100 elementor-top-column elementor-element elementor-element-9ef67b5\" data-id=\"9ef67b5\" data-element_type=\"column\">\n\t\t\t<div class=\"elementor-widget-wrap elementor-element-populated\">\n\t\t\t\t\t\t<div class=\"elementor-element elementor-element-f560a16 elementor-widget elementor-widget-heading\" data-id=\"f560a16\" data-element_type=\"widget\" data-widget_type=\"heading.default\">\n\t\t\t\t<div class=\"elementor-widget-container\">\n\t\t\t<h2 class=\"elementor-heading-title elementor-size-default\">BOOK CHAPTERS<\/h2>\t\t<\/div>\n\t\t\t\t<\/div>\n\t\t\t\t\t<\/div>\n\t\t<\/div>\n\t\t\t\t\t<\/div>\n\t\t<\/section>\n\t\t\t\t<section class=\"elementor-section elementor-top-section elementor-element elementor-element-fd90e86 elementor-section-boxed elementor-section-height-default elementor-section-height-default\" data-id=\"fd90e86\" data-element_type=\"section\">\n\t\t\t\t\t\t<div class=\"elementor-container elementor-column-gap-default\">\n\t\t\t\t\t<div class=\"elementor-column elementor-col-100 elementor-top-column elementor-element elementor-element-157f8a1\" data-id=\"157f8a1\" data-element_type=\"column\">\n\t\t\t<div class=\"elementor-widget-wrap elementor-element-populated\">\n\t\t\t\t\t\t<div class=\"elementor-element elementor-element-06a12dd elementor-widget elementor-widget-text-editor\" data-id=\"06a12dd\" data-element_type=\"widget\" data-widget_type=\"text-editor.default\">\n\t\t\t\t<div class=\"elementor-widget-container\">\n\t\t\t\t\t\t\t<ul><li><b>Sandoval, IK.<\/b> <span style=\"font-weight: 400;\">C\u00f3mo se forman los personajes del bien y del mal en el planeta Tierra.<\/span><span style=\"font-weight: 400;\"> En: MA, Guevara, L, Chac\u00f3n y M, Hern\u00e1ndez-Gonz\u00e1lez. (Eds). <\/span><i><span style=\"font-weight: 400;\">Los pensamientos cient\u00edficos de Lucy. <\/span><\/i><span style=\"font-weight: 400;\">Universidad La Salle. Le\u00f3n, Guanajuato, M\u00e9xico, 2024.<\/span><\/li><\/ul><ul><li>Almanza Sep\u00falveda, ML, <strong>Sandoval, IK<\/strong>, P\u00e9rez- Hern\u00e1ndez, M, Hevia-Orozco, JC, Cruz-Paniagua, EI, Hern\u00e1ndez-Gonz\u00e1lez, M, &amp; Guevara, MA. <span style=\"text-decoration: underline;\">Modelos de la Memoria de Trabajo y sus Bases Neurales. <\/span>En: F, Robles, N, Arias, M. Hern\u00e1ndez-Gonz\u00e1lez, F, Ramos, MA, Guevara, A, Morales y N, Gonz\u00e1lez. (Eds). <em>Ciencias Cognitivas: Una<\/em> <em>Aproximaci\u00f3n Interdiciplinar. <\/em>Centro Universitario del Norte. Universidad de Guadalajara. Guadalajara, Jalisco, M\u00e9xico, 2016.<\/li><\/ul><ul><li>P\u00e9rez-Hern\u00e1ndez, M, <strong>Sandoval, IK<\/strong>, Ferrera, A, Hern\u00e1ndez-Gonz\u00e1lez, M, &amp; Amezcua, C. <span style=\"text-decoration: underline;\">Circuitos Cerebrales de la Conducta Maternal.<\/span> En: M, Hern\u00e1ndez Gonz\u00e1lez, A, Sanz-Martin y MA, Guevara. (Eds). <em>Circuitos Cerebrales Implicados en la Cognici\u00f3n y la Conducta<\/em>. Universidad de Guadalajara. Centro Universitario de Ciencias Biol\u00f3gicas y Agropecuarias. Guadalajara, Jalisco, M\u00e9xico, 2015.<\/li><\/ul><ul><li><strong>Sandoval, IK<\/strong>, P\u00e9rez-Hern\u00e1ndez, M, Higalgo, R, Cruz-Paniagua, EI, &amp; Hern\u00e1ndez-Gonz\u00e1lez, M.<span style=\"text-decoration: underline;\"> El Apego: Un Modelo Psicobiol\u00f3gico.<\/span> En: A, Sanz- Martin, Olvera, M, Hern\u00e1ndez-Gonz\u00e1lez y MA, Guevara. (Eds). <em>Neurodesarrollo de la Cognici\u00f3n y la<\/em> <em>Conducta<\/em>. Universidad de Guadalajara. Centro Universitario de Ciencias Biol\u00f3gicas y Agropecuarias. Guadalajara, Jalisco, M\u00e9xico, 2015.<\/li><\/ul><ul><li>Guevara, MA, Hernandez-Gonzalez, M, <strong>Sandoval, IK<\/strong>, &amp; P\u00e9rez-Hern\u00e1ndez, M. <u>LondresPC: Programa computacional que <\/u><span style=\"text-decoration: underline;\">eval\u00faa la planeaci\u00f3n. <\/span>In: B, Sanchez, A, Guimaraes, A, Tremante, &amp; NC, Callaos (Eds). <em>CICIC 2015 &#8211; Quinta Conferencia Iberoamericana de Complejidad, Inform\u00e1tica y Cibern\u00e9tica, Memorias<\/em>. International Institute of Informatics and Systemics, IIIS. Orlando, Florida, US, 2015.<\/li><\/ul>\t\t\t\t\t\t<\/div>\n\t\t\t\t<\/div>\n\t\t\t\t\t<\/div>\n\t\t<\/div>\n\t\t\t\t\t<\/div>\n\t\t<\/section>\n\t\t\t\t<\/div>","protected":false},"excerpt":{"rendered":"<p>Publicaciones Art\u00edculos Originales \u00a0 Rizo Martinez L, \u271d &amp; Sandoval, IK. History of maternal care and Stockholm Syndrome. En preparaci\u00f3n. Sandoval, IK, Guevara, MA, &amp; Hern\u00e1ndez-Gonz\u00e1lez, M. Resting EEG alpha-band synchronization in mothers with low and high maternal care. En preparaci\u00f3n. Martin, R,\u00a0Sandoval, IK,Mayes, LC, Potenza, MN, Krishnan-Sarin, S, &amp; Rutherford, HJV. Nicotine addiction and [&hellip;]<\/p>","protected":false},"author":1,"featured_media":0,"parent":0,"menu_order":0,"comment_status":"closed","ping_status":"closed","template":"","meta":{"site-sidebar-layout":"no-sidebar","site-content-layout":"page-builder","ast-site-content-layout":"","site-content-style":"default","site-sidebar-style":"default","ast-global-header-display":"","ast-banner-title-visibility":"","ast-main-header-display":"","ast-hfb-above-header-display":"","ast-hfb-below-header-display":"","ast-hfb-mobile-header-display":"","site-post-title":"disabled","ast-breadcrumbs-content":"","ast-featured-img":"disabled","footer-sml-layout":"","theme-transparent-header-meta":"default","adv-header-id-meta":"","stick-header-meta":"","header-above-stick-meta":"","header-main-stick-meta":"","header-below-stick-meta":"","astra-migrate-meta-layouts":"default","ast-page-background-enabled":"default","ast-page-background-meta":{"desktop":{"background-color":"","background-image":"","background-repeat":"repeat","background-position":"center center","background-size":"auto","background-attachment":"scroll","background-type":"","background-media":"","overlay-type":"","overlay-color":"","overlay-opacity":"","overlay-gradient":""},"tablet":{"background-color":"","background-image":"","background-repeat":"repeat","background-position":"center center","background-size":"auto","background-attachment":"scroll","background-type":"","background-media":"","overlay-type":"","overlay-color":"","overlay-opacity":"","overlay-gradient":""},"mobile":{"background-color":"","background-image":"","background-repeat":"repeat","background-position":"center center","background-size":"auto","background-attachment":"scroll","background-type":"","background-media":"","overlay-type":"","overlay-color":"","overlay-opacity":"","overlay-gradient":""}},"ast-content-background-meta":{"desktop":{"background-color":"var(--ast-global-color-5)","background-image":"","background-repeat":"repeat","background-position":"center center","background-size":"auto","background-attachment":"scroll","background-type":"","background-media":"","overlay-type":"","overlay-color":"","overlay-opacity":"","overlay-gradient":""},"tablet":{"background-color":"var(--ast-global-color-5)","background-image":"","background-repeat":"repeat","background-position":"center center","background-size":"auto","background-attachment":"scroll","background-type":"","background-media":"","overlay-type":"","overlay-color":"","overlay-opacity":"","overlay-gradient":""},"mobile":{"background-color":"var(--ast-global-color-5)","background-image":"","background-repeat":"repeat","background-position":"center center","background-size":"auto","background-attachment":"scroll","background-type":"","background-media":"","overlay-type":"","overlay-color":"","overlay-opacity":"","overlay-gradient":""}},"footnotes":""},"class_list":["post-498","page","type-page","status-publish","hentry"],"_links":{"self":[{"href":"https:\/\/buildingflourishingminds.com\/en\/wp-json\/wp\/v2\/pages\/498"}],"collection":[{"href":"https:\/\/buildingflourishingminds.com\/en\/wp-json\/wp\/v2\/pages"}],"about":[{"href":"https:\/\/buildingflourishingminds.com\/en\/wp-json\/wp\/v2\/types\/page"}],"author":[{"embeddable":true,"href":"https:\/\/buildingflourishingminds.com\/en\/wp-json\/wp\/v2\/users\/1"}],"replies":[{"embeddable":true,"href":"https:\/\/buildingflourishingminds.com\/en\/wp-json\/wp\/v2\/comments?post=498"}],"version-history":[{"count":113,"href":"https:\/\/buildingflourishingminds.com\/en\/wp-json\/wp\/v2\/pages\/498\/revisions"}],"predecessor-version":[{"id":1724,"href":"https:\/\/buildingflourishingminds.com\/en\/wp-json\/wp\/v2\/pages\/498\/revisions\/1724"}],"wp:attachment":[{"href":"https:\/\/buildingflourishingminds.com\/en\/wp-json\/wp\/v2\/media?parent=498"}],"curies":[{"name":"wp","href":"https:\/\/api.w.org\/{rel}","templated":true}]}}