{"id":1612,"date":"2023-07-19T02:35:37","date_gmt":"2023-07-19T02:35:37","guid":{"rendered":"https:\/\/buildingflourishingminds.com\/?page_id=1612"},"modified":"2024-08-15T02:35:35","modified_gmt":"2024-08-15T02:35:35","slug":"centro-de-apego-y-neurociencias","status":"publish","type":"page","link":"https:\/\/buildingflourishingminds.com\/en\/centro-de-apego-y-neurociencias\/","title":{"rendered":"Education"},"content":{"rendered":"<div data-elementor-type=\"wp-page\" data-elementor-id=\"1612\" class=\"elementor elementor-1612\">\n\t\t\t\t\t\t<section class=\"elementor-section elementor-top-section elementor-element elementor-element-562332a5 elementor-section-full_width elementor-section-height-min-height elementor-section-height-default elementor-section-items-middle\" data-id=\"562332a5\" data-element_type=\"section\" data-settings=\"{&quot;background_background&quot;:&quot;classic&quot;}\">\n\t\t\t\t\t\t\t<div class=\"elementor-background-overlay\"><\/div>\n\t\t\t\t\t\t\t<div class=\"elementor-container elementor-column-gap-default\">\n\t\t\t\t\t<div class=\"elementor-column elementor-col-100 elementor-top-column elementor-element elementor-element-84dfaf2\" data-id=\"84dfaf2\" data-element_type=\"column\">\n\t\t\t<div class=\"elementor-widget-wrap elementor-element-populated\">\n\t\t\t\t\t\t\t<\/div>\n\t\t<\/div>\n\t\t\t\t\t<\/div>\n\t\t<\/section>\n\t\t\t\t<section class=\"elementor-section elementor-top-section elementor-element elementor-element-27f2819c elementor-section-boxed elementor-section-height-default elementor-section-height-default\" data-id=\"27f2819c\" data-element_type=\"section\">\n\t\t\t\t\t\t<div class=\"elementor-container elementor-column-gap-default\">\n\t\t\t\t\t<div class=\"elementor-column elementor-col-100 elementor-top-column elementor-element elementor-element-105fac38\" data-id=\"105fac38\" data-element_type=\"column\">\n\t\t\t<div class=\"elementor-widget-wrap elementor-element-populated\">\n\t\t\t\t\t\t<div class=\"elementor-element elementor-element-60d267dc elementor-widget elementor-widget-spacer\" data-id=\"60d267dc\" data-element_type=\"widget\" data-widget_type=\"spacer.default\">\n\t\t\t\t<div class=\"elementor-widget-container\">\n\t\t\t\t\t<div class=\"elementor-spacer\">\n\t\t\t<div class=\"elementor-spacer-inner\"><\/div>\n\t\t<\/div>\n\t\t\t\t<\/div>\n\t\t\t\t<\/div>\n\t\t\t\t\t<\/div>\n\t\t<\/div>\n\t\t\t\t\t<\/div>\n\t\t<\/section>\n\t\t\t\t<section class=\"elementor-section elementor-top-section elementor-element elementor-element-6b3d4c6 elementor-section-boxed elementor-section-height-default elementor-section-height-default\" data-id=\"6b3d4c6\" data-element_type=\"section\">\n\t\t\t\t\t\t<div class=\"elementor-container elementor-column-gap-default\">\n\t\t\t\t\t<div class=\"elementor-column elementor-col-100 elementor-top-column elementor-element elementor-element-673a018f\" data-id=\"673a018f\" data-element_type=\"column\">\n\t\t\t<div class=\"elementor-widget-wrap elementor-element-populated\">\n\t\t\t\t\t\t<div class=\"elementor-element elementor-element-21cb981a elementor-widget elementor-widget-text-editor\" data-id=\"21cb981a\" data-element_type=\"widget\" data-widget_type=\"text-editor.default\">\n\t\t\t\t<div class=\"elementor-widget-container\">\n\t\t\t\t\t\t\t<p style=\"text-align: center; line-height: 1.5;\">We are an interdisciplinary team dedicated to practice, training, and research in mental health issues for the integral development of children, adolescents and adults.<\/p>\t\t\t\t\t\t<\/div>\n\t\t\t\t<\/div>\n\t\t\t\t\t<\/div>\n\t\t<\/div>\n\t\t\t\t\t<\/div>\n\t\t<\/section>\n\t\t\t\t<section class=\"elementor-section elementor-top-section elementor-element elementor-element-a08e7e5 elementor-section-boxed elementor-section-height-default elementor-section-height-default\" data-id=\"a08e7e5\" data-element_type=\"section\">\n\t\t\t\t\t\t<div class=\"elementor-container elementor-column-gap-default\">\n\t\t\t\t\t<div class=\"elementor-column elementor-col-100 elementor-top-column elementor-element elementor-element-d911b50\" data-id=\"d911b50\" data-element_type=\"column\">\n\t\t\t<div class=\"elementor-widget-wrap elementor-element-populated\">\n\t\t\t\t\t\t<div class=\"elementor-element elementor-element-876a909 elementor-widget elementor-widget-heading\" data-id=\"876a909\" data-element_type=\"widget\" data-widget_type=\"heading.default\">\n\t\t\t\t<div class=\"elementor-widget-container\">\n\t\t\t<h2 class=\"elementor-heading-title elementor-size-default\">Courses:<\/h2>\t\t<\/div>\n\t\t\t\t<\/div>\n\t\t\t\t\t<\/div>\n\t\t<\/div>\n\t\t\t\t\t<\/div>\n\t\t<\/section>\n\t\t\t\t<section class=\"elementor-section elementor-top-section elementor-element elementor-element-e902747 elementor-section-boxed elementor-section-height-default elementor-section-height-default\" data-id=\"e902747\" data-element_type=\"section\">\n\t\t\t\t\t\t<div class=\"elementor-container elementor-column-gap-default\">\n\t\t\t\t\t<div class=\"elementor-column elementor-col-66 elementor-top-column elementor-element elementor-element-73bbd36\" data-id=\"73bbd36\" data-element_type=\"column\">\n\t\t\t<div class=\"elementor-widget-wrap elementor-element-populated\">\n\t\t\t\t\t\t<div class=\"elementor-element elementor-element-3b80e75 elementor-widget__width-initial elementor-widget elementor-widget-image\" data-id=\"3b80e75\" data-element_type=\"widget\" data-widget_type=\"image.default\">\n\t\t\t\t<div class=\"elementor-widget-container\">\n\t\t\t\t\t\t\t\t\t\t\t\t\t<img fetchpriority=\"high\" decoding=\"async\" width=\"1024\" height=\"776\" src=\"https:\/\/buildingflourishingminds.com\/wp-content\/uploads\/2024\/07\/Captura-de-pantalla-2024-07-22-a-las-10.11.41\u202fa.m-1024x776.png\" class=\"attachment-large size-large wp-image-1733\" alt=\"\" srcset=\"https:\/\/buildingflourishingminds.com\/wp-content\/uploads\/2024\/07\/Captura-de-pantalla-2024-07-22-a-las-10.11.41\u202fa.m-1024x776.png 1024w, https:\/\/buildingflourishingminds.com\/wp-content\/uploads\/2024\/07\/Captura-de-pantalla-2024-07-22-a-las-10.11.41\u202fa.m-300x227.png 300w, https:\/\/buildingflourishingminds.com\/wp-content\/uploads\/2024\/07\/Captura-de-pantalla-2024-07-22-a-las-10.11.41\u202fa.m-768x582.png 768w, https:\/\/buildingflourishingminds.com\/wp-content\/uploads\/2024\/07\/Captura-de-pantalla-2024-07-22-a-las-10.11.41\u202fa.m-16x12.png 16w, https:\/\/buildingflourishingminds.com\/wp-content\/uploads\/2024\/07\/Captura-de-pantalla-2024-07-22-a-las-10.11.41\u202fa.m.png 1286w\" sizes=\"(max-width: 1024px) 100vw, 1024px\" \/>\t\t\t\t\t\t\t\t\t\t\t\t\t<\/div>\n\t\t\t\t<\/div>\n\t\t\t\t\t<\/div>\n\t\t<\/div>\n\t\t\t\t<div class=\"elementor-column elementor-col-33 elementor-top-column elementor-element elementor-element-0de96f2\" data-id=\"0de96f2\" data-element_type=\"column\">\n\t\t\t<div class=\"elementor-widget-wrap elementor-element-populated\">\n\t\t\t\t\t\t<div class=\"elementor-element elementor-element-6571210 elementor-widget elementor-widget-text-editor\" data-id=\"6571210\" data-element_type=\"widget\" data-widget_type=\"text-editor.default\">\n\t\t\t\t<div class=\"elementor-widget-container\">\n\t\t\t\t\t\t\t<p><strong>Now the second generation!<\/strong><\/p>\n<p><strong>GENERAL OBJECTIVE:<\/strong> To provide training on psychotherapy based on attachment theory and neuroscience to mental health professionals, so that they are able to design personalized intervention strategies.<\/p>\n<p><strong>START DATE:<\/strong>&nbsp;17 de agosto de 2024<\/p>\n<p><strong>Contact us for more information<\/strong><\/p>\t\t\t\t\t\t<\/div>\n\t\t\t\t<\/div>\n\t\t\t\t\t<\/div>\n\t\t<\/div>\n\t\t\t\t\t<\/div>\n\t\t<\/section>\n\t\t\t\t<section class=\"elementor-section elementor-top-section elementor-element elementor-element-c0f1ddc elementor-section-boxed elementor-section-height-default elementor-section-height-default\" data-id=\"c0f1ddc\" data-element_type=\"section\">\n\t\t\t\t\t\t<div class=\"elementor-container elementor-column-gap-default\">\n\t\t\t\t\t<div class=\"elementor-column elementor-col-100 elementor-top-column elementor-element elementor-element-9b34370\" data-id=\"9b34370\" data-element_type=\"column\">\n\t\t\t<div class=\"elementor-widget-wrap elementor-element-populated\">\n\t\t\t\t\t\t<div class=\"elementor-element elementor-element-d486f4a elementor-widget elementor-widget-spacer\" data-id=\"d486f4a\" data-element_type=\"widget\" data-widget_type=\"spacer.default\">\n\t\t\t\t<div class=\"elementor-widget-container\">\n\t\t\t\t\t<div class=\"elementor-spacer\">\n\t\t\t<div class=\"elementor-spacer-inner\"><\/div>\n\t\t<\/div>\n\t\t\t\t<\/div>\n\t\t\t\t<\/div>\n\t\t\t\t\t<\/div>\n\t\t<\/div>\n\t\t\t\t\t<\/div>\n\t\t<\/section>\n\t\t\t\t<section class=\"elementor-section elementor-top-section elementor-element elementor-element-4bbd560 elementor-section-boxed elementor-section-height-default elementor-section-height-default\" data-id=\"4bbd560\" data-element_type=\"section\">\n\t\t\t\t\t\t<div class=\"elementor-container elementor-column-gap-default\">\n\t\t\t\t\t<div class=\"elementor-column elementor-col-100 elementor-top-column elementor-element elementor-element-cd84277\" data-id=\"cd84277\" data-element_type=\"column\">\n\t\t\t<div class=\"elementor-widget-wrap elementor-element-populated\">\n\t\t\t\t\t\t<div class=\"elementor-element elementor-element-78f4a86 elementor-widget elementor-widget-text-editor\" data-id=\"78f4a86\" data-element_type=\"widget\" data-widget_type=\"text-editor.default\">\n\t\t\t\t<div class=\"elementor-widget-container\">\n\t\t\t\t\t\t\t<p style=\"text-align: center; line-height: 1.5;\">Training mental health professionals in psychotherapy based on attachment theory and neuroscience is one of our objectives.<\/p>\t\t\t\t\t\t<\/div>\n\t\t\t\t<\/div>\n\t\t\t\t\t<\/div>\n\t\t<\/div>\n\t\t\t\t\t<\/div>\n\t\t<\/section>\n\t\t\t\t<section class=\"elementor-section elementor-top-section elementor-element elementor-element-0392876 elementor-section-boxed elementor-section-height-default elementor-section-height-default\" data-id=\"0392876\" data-element_type=\"section\">\n\t\t\t\t\t\t<div class=\"elementor-container elementor-column-gap-default\">\n\t\t\t\t\t<div class=\"elementor-column elementor-col-100 elementor-top-column elementor-element elementor-element-c4d0367\" data-id=\"c4d0367\" data-element_type=\"column\">\n\t\t\t<div class=\"elementor-widget-wrap elementor-element-populated\">\n\t\t\t\t\t\t<div class=\"elementor-element elementor-element-36f07f5 elementor-widget elementor-widget-spacer\" data-id=\"36f07f5\" data-element_type=\"widget\" data-widget_type=\"spacer.default\">\n\t\t\t\t<div class=\"elementor-widget-container\">\n\t\t\t\t\t<div class=\"elementor-spacer\">\n\t\t\t<div class=\"elementor-spacer-inner\"><\/div>\n\t\t<\/div>\n\t\t\t\t<\/div>\n\t\t\t\t<\/div>\n\t\t\t\t\t<\/div>\n\t\t<\/div>\n\t\t\t\t\t<\/div>\n\t\t<\/section>\n\t\t\t\t<\/div>","protected":false},"excerpt":{"rendered":"<p>Somos un equipo de trabajo interdisciplinario dedicado a la pr\u00e1ctica, capacitaci\u00f3n, e investigaci\u00f3n en temas de la salud mental, para el desarrollo integral de ni\u00f1os, adolescentes y adultos Cursos: Ahora la segunda generaci\u00f3n! OBJETIVO GENERAL: Proporcionar capacitaci\u00f3n sobre psicoterapia basada en la teor\u00eda del apego y las neurociencias a profesionales de la salud mental, para [&hellip;]<\/p>","protected":false},"author":1,"featured_media":0,"parent":0,"menu_order":0,"comment_status":"closed","ping_status":"closed","template":"","meta":{"site-sidebar-layout":"no-sidebar","site-content-layout":"page-builder","ast-site-content-layout":"","site-content-style":"default","site-sidebar-style":"default","ast-global-header-display":"","ast-banner-title-visibility":"","ast-main-header-display":"","ast-hfb-above-header-display":"","ast-hfb-below-header-display":"","ast-hfb-mobile-header-display":"","site-post-title":"disabled","ast-breadcrumbs-content":"","ast-featured-img":"disabled","footer-sml-layout":"","theme-transparent-header-meta":"","adv-header-id-meta":"","stick-header-meta":"","header-above-stick-meta":"","header-main-stick-meta":"","header-below-stick-meta":"","astra-migrate-meta-layouts":"default","ast-page-background-enabled":"default","ast-page-background-meta":{"desktop":{"background-color":"","background-image":"","background-repeat":"repeat","background-position":"center center","background-size":"auto","background-attachment":"scroll","background-type":"","background-media":"","overlay-type":"","overlay-color":"","overlay-opacity":"","overlay-gradient":""},"tablet":{"background-color":"","background-image":"","background-repeat":"repeat","background-position":"center center","background-size":"auto","background-attachment":"scroll","background-type":"","background-media":"","overlay-type":"","overlay-color":"","overlay-opacity":"","overlay-gradient":""},"mobile":{"background-color":"","background-image":"","background-repeat":"repeat","background-position":"center center","background-size":"auto","background-attachment":"scroll","background-type":"","background-media":"","overlay-type":"","overlay-color":"","overlay-opacity":"","overlay-gradient":""}},"ast-content-background-meta":{"desktop":{"background-color":"var(--ast-global-color-5)","background-image":"","background-repeat":"repeat","background-position":"center center","background-size":"auto","background-attachment":"scroll","background-type":"","background-media":"","overlay-type":"","overlay-color":"","overlay-opacity":"","overlay-gradient":""},"tablet":{"background-color":"var(--ast-global-color-5)","background-image":"","background-repeat":"repeat","background-position":"center center","background-size":"auto","background-attachment":"scroll","background-type":"","background-media":"","overlay-type":"","overlay-color":"","overlay-opacity":"","overlay-gradient":""},"mobile":{"background-color":"var(--ast-global-color-5)","background-image":"","background-repeat":"repeat","background-position":"center center","background-size":"auto","background-attachment":"scroll","background-type":"","background-media":"","overlay-type":"","overlay-color":"","overlay-opacity":"","overlay-gradient":""}},"footnotes":""},"class_list":["post-1612","page","type-page","status-publish","hentry"],"_links":{"self":[{"href":"https:\/\/buildingflourishingminds.com\/en\/wp-json\/wp\/v2\/pages\/1612"}],"collection":[{"href":"https:\/\/buildingflourishingminds.com\/en\/wp-json\/wp\/v2\/pages"}],"about":[{"href":"https:\/\/buildingflourishingminds.com\/en\/wp-json\/wp\/v2\/types\/page"}],"author":[{"embeddable":true,"href":"https:\/\/buildingflourishingminds.com\/en\/wp-json\/wp\/v2\/users\/1"}],"replies":[{"embeddable":true,"href":"https:\/\/buildingflourishingminds.com\/en\/wp-json\/wp\/v2\/comments?post=1612"}],"version-history":[{"count":101,"href":"https:\/\/buildingflourishingminds.com\/en\/wp-json\/wp\/v2\/pages\/1612\/revisions"}],"predecessor-version":[{"id":1766,"href":"https:\/\/buildingflourishingminds.com\/en\/wp-json\/wp\/v2\/pages\/1612\/revisions\/1766"}],"wp:attachment":[{"href":"https:\/\/buildingflourishingminds.com\/en\/wp-json\/wp\/v2\/media?parent=1612"}],"curies":[{"name":"wp","href":"https:\/\/api.w.org\/{rel}","templated":true}]}}